{"id":1829,"date":"2026-03-11T19:57:05","date_gmt":"2026-03-11T19:57:05","guid":{"rendered":"https:\/\/albatroscatamarans.com\/excursions\/amazona-beach-club-daypass\/"},"modified":"2026-03-23T00:30:14","modified_gmt":"2026-03-23T00:30:14","slug":"amazona-beach-club-daypass","status":"publish","type":"product","link":"https:\/\/albatroscatamarans.com\/es\/excursions\/amazona-beach-club-daypass\/","title":{"rendered":"Amazona Beach Club Daypass"},"content":{"rendered":"<p>El lugar ideal para disfrutar de un hermoso club de playa, el m\u00e1s grande de isla mujeres, con capacidad para atender a 600 personas simult\u00e1neamente, adem\u00e1s una cocina con buet internacional y una serie de amenidades para que tu estancia sea la mejor.<\/p>\n","protected":false},"excerpt":{"rendered":"<p>El lugar ideal para disfrutar de un hermoso club de playa, el m\u00e1s grande de isla mujeres, con capacidad para atender a 600 personas simult\u00e1neamente, adem\u00e1s una cocina con buet internacional y una serie de amenidades para que tu estancia sea la mejor.<\/p>\n","protected":false},"featured_media":1830,"comment_status":"open","ping_status":"closed","template":"","meta":[],"product_brand":[],"product_cat":[66,66],"product_tag":[],"class_list":{"0":"post-1829","1":"product","2":"type-product","3":"status-publish","4":"has-post-thumbnail","6":"product_cat-club-de-playa-isla-mujeres","9":"first","10":"instock","11":"sale","12":"shipping-taxable","13":"purchasable","14":"product-type-simple"},"_links":{"self":[{"href":"https:\/\/albatroscatamarans.com\/es\/wp-json\/wp\/v2\/product\/1829","targetHints":{"allow":["GET"]}}],"collection":[{"href":"https:\/\/albatroscatamarans.com\/es\/wp-json\/wp\/v2\/product"}],"about":[{"href":"https:\/\/albatroscatamarans.com\/es\/wp-json\/wp\/v2\/types\/product"}],"replies":[{"embeddable":true,"href":"https:\/\/albatroscatamarans.com\/es\/wp-json\/wp\/v2\/comments?post=1829"}],"wp:featuredmedia":[{"embeddable":true,"href":"https:\/\/albatroscatamarans.com\/es\/wp-json\/wp\/v2\/media\/1830"}],"wp:attachment":[{"href":"https:\/\/albatroscatamarans.com\/es\/wp-json\/wp\/v2\/media?parent=1829"}],"wp:term":[{"taxonomy":"product_brand","embeddable":true,"href":"https:\/\/albatroscatamarans.com\/es\/wp-json\/wp\/v2\/product_brand?post=1829"},{"taxonomy":"product_cat","embeddable":true,"href":"https:\/\/albatroscatamarans.com\/es\/wp-json\/wp\/v2\/product_cat?post=1829"},{"taxonomy":"product_tag","embeddable":true,"href":"https:\/\/albatroscatamarans.com\/es\/wp-json\/wp\/v2\/product_tag?post=1829"}],"curies":[{"name":"wp","href":"https:\/\/api.w.org\/{rel}","templated":true}]}}