{"id":1826,"date":"2026-03-11T19:37:50","date_gmt":"2026-03-11T19:37:50","guid":{"rendered":"https:\/\/albatroscatamarans.com\/excursions\/four-elements\/"},"modified":"2026-03-22T22:50:13","modified_gmt":"2026-03-22T22:50:13","slug":"four-elements","status":"publish","type":"product","link":"https:\/\/albatroscatamarans.com\/es\/excursions\/four-elements\/","title":{"rendered":"Four Elements"},"content":{"rendered":"<p>La mejor excursi\u00f3n en catamar\u00e1n en Canc\u00fan para grupos. Navegaci\u00f3n por el Caribe, barra libre, cena barbacoa mexicana, espect\u00e1culo de fuego, saxofonista, DJ en vivo. Requisito m\u00ednimo: 80 personas.<\/p>\n","protected":false},"excerpt":{"rendered":"<p>Saborea el atardecer a bordo de un catamar\u00e1n de lujo rumbo a Isla Mujeres y disfruta de una cena donde convergen los cuatro elementos.<\/p>\n","protected":false},"featured_media":1827,"comment_status":"open","ping_status":"closed","template":"","meta":[],"product_brand":[],"product_cat":[64],"product_tag":[],"class_list":{"0":"post-1826","1":"product","2":"type-product","3":"status-publish","4":"has-post-thumbnail","6":"product_cat-grupos","8":"first","9":"instock","10":"shipping-taxable","11":"purchasable","12":"product-type-simple"},"_links":{"self":[{"href":"https:\/\/albatroscatamarans.com\/es\/wp-json\/wp\/v2\/product\/1826","targetHints":{"allow":["GET"]}}],"collection":[{"href":"https:\/\/albatroscatamarans.com\/es\/wp-json\/wp\/v2\/product"}],"about":[{"href":"https:\/\/albatroscatamarans.com\/es\/wp-json\/wp\/v2\/types\/product"}],"replies":[{"embeddable":true,"href":"https:\/\/albatroscatamarans.com\/es\/wp-json\/wp\/v2\/comments?post=1826"}],"wp:featuredmedia":[{"embeddable":true,"href":"https:\/\/albatroscatamarans.com\/es\/wp-json\/wp\/v2\/media\/1827"}],"wp:attachment":[{"href":"https:\/\/albatroscatamarans.com\/es\/wp-json\/wp\/v2\/media?parent=1826"}],"wp:term":[{"taxonomy":"product_brand","embeddable":true,"href":"https:\/\/albatroscatamarans.com\/es\/wp-json\/wp\/v2\/product_brand?post=1826"},{"taxonomy":"product_cat","embeddable":true,"href":"https:\/\/albatroscatamarans.com\/es\/wp-json\/wp\/v2\/product_cat?post=1826"},{"taxonomy":"product_tag","embeddable":true,"href":"https:\/\/albatroscatamarans.com\/es\/wp-json\/wp\/v2\/product_tag?post=1826"}],"curies":[{"name":"wp","href":"https:\/\/api.w.org\/{rel}","templated":true}]}}