{"id":1810,"date":"2026-03-11T17:16:55","date_gmt":"2026-03-11T17:16:55","guid":{"rendered":"https:\/\/albatroscatamarans.com\/excursions\/sailing-plus\/"},"modified":"2026-03-23T00:20:57","modified_gmt":"2026-03-23T00:20:57","slug":"sailing-plus","status":"publish","type":"product","link":"https:\/\/albatroscatamarans.com\/es\/excursions\/sailing-plus\/","title":{"rendered":"Sailing Adventures Plus"},"content":{"rendered":"<p>Experimenta un d\u00eda espectacular en las aguas cristalinas del Caribe mexicano, navega desde Canc\u00fan a Isla Mujeres en un catamar\u00e1n lleno de diversi\u00f3n.<\/p>\n","protected":false},"excerpt":{"rendered":"<p>Experimenta un d\u00eda espectacular en las aguas cristalinas del Caribe mexicano, navega desde Canc\u00fan a Isla Mujeres en un catamar\u00e1n lleno de diversi\u00f3n.<\/p>\n","protected":false},"featured_media":1812,"comment_status":"open","ping_status":"closed","template":"","meta":[],"product_brand":[],"product_cat":[65],"product_tag":[],"class_list":{"0":"post-1810","1":"product","2":"type-product","3":"status-publish","4":"has-post-thumbnail","6":"product_cat-excursiones-en-isla-mujeres","8":"first","9":"instock","10":"sale","11":"shipping-taxable","12":"purchasable","13":"product-type-simple"},"_links":{"self":[{"href":"https:\/\/albatroscatamarans.com\/es\/wp-json\/wp\/v2\/product\/1810","targetHints":{"allow":["GET"]}}],"collection":[{"href":"https:\/\/albatroscatamarans.com\/es\/wp-json\/wp\/v2\/product"}],"about":[{"href":"https:\/\/albatroscatamarans.com\/es\/wp-json\/wp\/v2\/types\/product"}],"replies":[{"embeddable":true,"href":"https:\/\/albatroscatamarans.com\/es\/wp-json\/wp\/v2\/comments?post=1810"}],"wp:featuredmedia":[{"embeddable":true,"href":"https:\/\/albatroscatamarans.com\/es\/wp-json\/wp\/v2\/media\/1812"}],"wp:attachment":[{"href":"https:\/\/albatroscatamarans.com\/es\/wp-json\/wp\/v2\/media?parent=1810"}],"wp:term":[{"taxonomy":"product_brand","embeddable":true,"href":"https:\/\/albatroscatamarans.com\/es\/wp-json\/wp\/v2\/product_brand?post=1810"},{"taxonomy":"product_cat","embeddable":true,"href":"https:\/\/albatroscatamarans.com\/es\/wp-json\/wp\/v2\/product_cat?post=1810"},{"taxonomy":"product_tag","embeddable":true,"href":"https:\/\/albatroscatamarans.com\/es\/wp-json\/wp\/v2\/product_tag?post=1810"}],"curies":[{"name":"wp","href":"https:\/\/api.w.org\/{rel}","templated":true}]}}