{"id":1796,"date":"2025-08-26T16:09:19","date_gmt":"2025-08-26T16:09:19","guid":{"rendered":"https:\/\/albatroscatamarans.com\/excursions\/sailing-platinum\/"},"modified":"2026-03-27T19:50:16","modified_gmt":"2026-03-27T19:50:16","slug":"sailing-platinum","status":"publish","type":"product","link":"https:\/\/albatroscatamarans.com\/es\/excursions\/sailing-platinum\/","title":{"rendered":"Sailing Platinum"},"content":{"rendered":"<h2>Vive la aventura definitiva en catamar\u00e1n con Cancun Catamarans a Isla Mujeres<\/h2>\n<p>Emb\u00e1rcate en un viaje inolvidable con Cancun Catamarans y descubre las espectaculares aguas cristalinas del Caribe mexicano. Navega con lujo y estilo desde Canc\u00fan hasta la impresionante Isla Mujeres en nuestro catamar\u00e1n de \u00faltima generaci\u00f3n, dise\u00f1ado para brindarte la m\u00e1xima diversi\u00f3n, comodidad y relajaci\u00f3n. Te espera un d\u00eda perfecto en el agua.<\/p>\n<h2>HORARIO<\/h2>\n<p>Ofrecemos dos salidas diarias para tu comodidad:<\/p>\n<ul>\n<li>Tour de la ma\u00f1ana: Check-in a las 9:00 | Salida a las 10:00<\/li>\n<li>Tour de la tarde: Check-in a las 12:00 | Salida a la 1:00<\/li>\n<li>D\u00edas de operaci\u00f3n: Lunes a domingo.<\/li>\n<\/ul>\n<h3>DETALLES DE COMIDAS Y BAR<\/h3>\n<p><strong>BUFFET PREMIUM PARA ALMUERZO:<\/strong> Del\u00e9itese con una amplia selecci\u00f3n que incluye botanas (nachos, pizza, tostadas, pasta, pescado), una estaci\u00f3n de parrilla (pollo, carne de res, hot dogs), un puesto de tacos (cochinita, pastor, pescado frito, fajitas de pollo), una completa barra de ensaladas y postres (fruta fresca y arroz con leche).<\/p>\n<p><strong>BARRA LIBRE PREMIUM:<\/strong> Disfrute de bebidas nacionales ilimitadas: ron, vodka, tequila, cerveza, jugo, agua y refrescos. <em>Los c\u00f3cteles helados est\u00e1n disponibles exclusivamente en el Amazona Beach Club<\/em>.<\/p>\n<h3>PUNTOS DE ENCUENTRO<\/h3>\n<p>Su aventura con Albatros comienza en una de nuestras dos convenientes marinas:<\/p>\n<p><strong>Marina Albatros<\/strong>: Km 3.5 Zona Hotelera, junto al Temptation Resort.<\/p>\n<p><strong>Marina Hacienda del Mar<\/strong>: Km 1.5, Carretera Punta Sam, Puerto Ju\u00e1rez.<\/p>\n","protected":false},"excerpt":{"rendered":"<p>Navega hacia el para\u00edso: Catamaranes Premium desde Canc\u00fan a Isla Mujeres. Experiencia Todo Incluido.<\/p>\n","protected":false},"featured_media":1798,"comment_status":"open","ping_status":"closed","template":"","meta":[],"product_brand":[],"product_cat":[66,65],"product_tag":[],"class_list":{"0":"post-1796","1":"product","2":"type-product","3":"status-publish","4":"has-post-thumbnail","6":"product_cat-club-de-playa-isla-mujeres","7":"product_cat-excursiones-en-isla-mujeres","9":"first","10":"instock","11":"sale","12":"shipping-taxable","13":"purchasable","14":"product-type-simple"},"_links":{"self":[{"href":"https:\/\/albatroscatamarans.com\/es\/wp-json\/wp\/v2\/product\/1796","targetHints":{"allow":["GET"]}}],"collection":[{"href":"https:\/\/albatroscatamarans.com\/es\/wp-json\/wp\/v2\/product"}],"about":[{"href":"https:\/\/albatroscatamarans.com\/es\/wp-json\/wp\/v2\/types\/product"}],"replies":[{"embeddable":true,"href":"https:\/\/albatroscatamarans.com\/es\/wp-json\/wp\/v2\/comments?post=1796"}],"wp:featuredmedia":[{"embeddable":true,"href":"https:\/\/albatroscatamarans.com\/es\/wp-json\/wp\/v2\/media\/1798"}],"wp:attachment":[{"href":"https:\/\/albatroscatamarans.com\/es\/wp-json\/wp\/v2\/media?parent=1796"}],"wp:term":[{"taxonomy":"product_brand","embeddable":true,"href":"https:\/\/albatroscatamarans.com\/es\/wp-json\/wp\/v2\/product_brand?post=1796"},{"taxonomy":"product_cat","embeddable":true,"href":"https:\/\/albatroscatamarans.com\/es\/wp-json\/wp\/v2\/product_cat?post=1796"},{"taxonomy":"product_tag","embeddable":true,"href":"https:\/\/albatroscatamarans.com\/es\/wp-json\/wp\/v2\/product_tag?post=1796"}],"curies":[{"name":"wp","href":"https:\/\/api.w.org\/{rel}","templated":true}]}}