{"id":1832,"date":"2025-02-16T18:34:37","date_gmt":"2025-02-16T18:34:37","guid":{"rendered":"https:\/\/albatroscatamarans.com\/things-to-do-in-isla-mujeres\/"},"modified":"2026-03-22T23:05:43","modified_gmt":"2026-03-22T23:05:43","slug":"que-hacer-en-isla-mujeres","status":"publish","type":"page","link":"https:\/\/albatroscatamarans.com\/es\/que-hacer-en-isla-mujeres\/","title":{"rendered":"Qu\u00e9 hacer en Isla Mujeres"},"content":{"rendered":"\n<p>\u00bfQuieres aprovechar al m\u00e1ximo tu escapada a Canc\u00fan? Nuestras excursiones cuidadosamente seleccionadas ofrecen aventuras inolvidables para todo tipo de viajero. Desde explorar antiguas ruinas mayas hasta nadar en cenotes de aguas cristalinas, encontrar\u00e1s una variedad de actividades emocionantes que se adaptan a tus intereses. Ya seas un amante de la adrenalina que busca emocionantes deportes acu\u00e1ticos, un apasionado de la naturaleza que desea practicar snorkel en vibrantes arrecifes de coral o un entusiasta de la cultura que anhela visitar sitios hist\u00f3ricos, tenemos algo especial para ti.<\/p>\n\n\n\n<p>Reserva tu pr\u00f3xima aventura hoy mismo y vive la magia de Canc\u00fan como nunca antes. Con gu\u00edas expertos, tours de primera categor\u00eda y paquetes convenientes, \u00abCosas que hacer en Canc\u00fan\u00bb te garantizas unas vacaciones llenas de recuerdos que durar\u00e1n toda la vida.<\/p>\n","protected":false},"excerpt":{"rendered":"<p>\u00bfQuieres aprovechar al m\u00e1ximo tu escapada a Canc\u00fan? Nuestras excursiones cuidadosamente seleccionadas ofrecen aventuras inolvidables para todo tipo de viajero. Desde explorar antiguas ruinas mayas hasta nadar en cenotes de aguas cristalinas, encontrar\u00e1s una variedad de actividades emocionantes que se adaptan a tus intereses. Ya seas un amante de la adrenalina que busca emocionantes deportes [&hellip;]<\/p>\n","protected":false},"author":1,"featured_media":0,"parent":0,"menu_order":0,"comment_status":"closed","ping_status":"closed","template":"","meta":{"footnotes":""},"class_list":["post-1832","page","type-page","status-publish","hentry"],"_links":{"self":[{"href":"https:\/\/albatroscatamarans.com\/es\/wp-json\/wp\/v2\/pages\/1832","targetHints":{"allow":["GET"]}}],"collection":[{"href":"https:\/\/albatroscatamarans.com\/es\/wp-json\/wp\/v2\/pages"}],"about":[{"href":"https:\/\/albatroscatamarans.com\/es\/wp-json\/wp\/v2\/types\/page"}],"author":[{"embeddable":true,"href":"https:\/\/albatroscatamarans.com\/es\/wp-json\/wp\/v2\/users\/1"}],"replies":[{"embeddable":true,"href":"https:\/\/albatroscatamarans.com\/es\/wp-json\/wp\/v2\/comments?post=1832"}],"version-history":[{"count":1,"href":"https:\/\/albatroscatamarans.com\/es\/wp-json\/wp\/v2\/pages\/1832\/revisions"}],"predecessor-version":[{"id":1833,"href":"https:\/\/albatroscatamarans.com\/es\/wp-json\/wp\/v2\/pages\/1832\/revisions\/1833"}],"wp:attachment":[{"href":"https:\/\/albatroscatamarans.com\/es\/wp-json\/wp\/v2\/media?parent=1832"}],"curies":[{"name":"wp","href":"https:\/\/api.w.org\/{rel}","templated":true}]}}