{"id":1769,"date":"2025-02-16T22:45:47","date_gmt":"2025-02-16T22:45:47","guid":{"rendered":"https:\/\/albatroscatamarans.com\/?page_id=1769"},"modified":"2026-03-23T19:49:23","modified_gmt":"2026-03-23T19:49:23","slug":"contact","status":"publish","type":"page","link":"https:\/\/albatroscatamarans.com\/es\/contact\/","title":{"rendered":"Contacto"},"content":{"rendered":"\t\t<div data-elementor-type=\"wp-page\" data-elementor-id=\"1769\" class=\"elementor elementor-1769\" data-elementor-post-type=\"page\">\n\t\t\t\t<div class=\"elementor-element elementor-element-733e005 e-con-full e-flex e-con e-parent\" data-id=\"733e005\" data-element_type=\"container\" data-e-type=\"container\" data-settings=\"{&quot;background_background&quot;:&quot;classic&quot;}\">\n\t\t<div class=\"elementor-element elementor-element-056be0a e-con-full e-flex e-con e-child\" data-id=\"056be0a\" data-element_type=\"container\" data-e-type=\"container\" data-settings=\"{&quot;background_background&quot;:&quot;classic&quot;}\">\n\t\t<div class=\"elementor-element elementor-element-e157ab2 e-con-full e-flex e-con e-child\" data-id=\"e157ab2\" data-element_type=\"container\" data-e-type=\"container\">\n\t\t\t\t<div class=\"elementor-element elementor-element-be1cd0b elementor-widget elementor-widget-html\" data-id=\"be1cd0b\" data-element_type=\"widget\" data-e-type=\"widget\" data-widget_type=\"html.default\">\n\t\t\t\t\t<script>\r\nwindow.addEventListener('load', function() {\r\n    \/\/ Le damos a Elementor 100ms extra para terminar de pintar la pantalla\r\n    setTimeout(() => { \r\n        const textElements = document.querySelectorAll('[id^=\"text-to-split\"]');\r\n        \r\n        textElements.forEach(element => {\r\n            \/\/ Buscamos el contenedor exacto del texto\r\n            const textContainer = element.querySelector('.elementor-heading-title, .elementor-text-editor') || element;\r\n            \r\n            const text = textContainer.innerText.trim();\r\n            if(!text) return; \/\/ Si est\u00e1 vac\u00edo, no hacemos nada\r\n            \r\n            textContainer.innerHTML = '';\r\n            \r\n            \/\/ Dividimos el texto midiendo palabra por palabra con la fuente ya cargada\r\n            const words = text.split(\/\\s+\/);\r\n            let wordsArray = [];\r\n            \r\n            words.forEach(word => {\r\n                const span = document.createElement('span');\r\n                span.innerHTML = word + '&nbsp;'; \r\n                span.style.display = 'inline-block';\r\n                textContainer.appendChild(span);\r\n                wordsArray.push(span);\r\n            });\r\n            \r\n            let lines = [];\r\n            let currentLine = [];\r\n            let currentOffset = -1;\r\n            \r\n            \/\/ Calculamos exactamente d\u00f3nde hace el salto de l\u00ednea el navegador\r\n            wordsArray.forEach(span => {\r\n                if (currentOffset === -1 || span.offsetTop > currentOffset + 5) {\r\n                    currentOffset = span.offsetTop;\r\n                    currentLine = [];\r\n                    lines.push(currentLine);\r\n                }\r\n                currentLine.push(span.innerText.trim());\r\n            });\r\n            \r\n            textContainer.innerHTML = '';\r\n            \r\n            \/\/ Reconstruimos el texto con la animaci\u00f3n\r\n            lines.forEach((lineWords, index) => {\r\n                const lineText = lineWords.join(' ');\r\n                \r\n                const container = document.createElement('span');\r\n                container.className = 'text-line-container';\r\n                container.style.display = 'block'; \r\n                container.style.overflow = 'hidden';\r\n                \r\n                const content = document.createElement('span');\r\n                content.className = 'text-line-content';\r\n                content.textContent = lineText;\r\n                \r\n                \/\/ MAGIA AUTOM\u00c1TICA: Calculamos el retraso de cada l\u00ednea aqu\u00ed mismo\r\n                content.style.transitionDelay = `${(index + 1) * 0.15}s`;\r\n                \r\n                container.appendChild(content);\r\n                textContainer.appendChild(container);\r\n            });\r\n            \r\n            \/\/ Observamos cuando el usuario llega a esta parte de la pantalla\r\n            const observer = new IntersectionObserver((entries) => {\r\n                entries.forEach(entry => {\r\n                    if (entry.isIntersecting) {\r\n                        element.classList.add('text-animated');\r\n                        observer.unobserve(element);\r\n                    }\r\n                });\r\n            }, { threshold: 0.1 }); \/\/ Se activa cuando asoma el 10% del texto\r\n            \r\n            observer.observe(element);\r\n        });\r\n    }, 100);\r\n});\r\n<\/script>\t\t\t\t<\/div>\n\t\t\t\t<\/div>\n\t\t<div class=\"elementor-element elementor-element-a70753f e-con-full e-flex e-con e-child\" data-id=\"a70753f\" data-element_type=\"container\" data-e-type=\"container\" data-settings=\"{&quot;background_background&quot;:&quot;classic&quot;}\">\n\t\t\t\t<div class=\"elementor-element elementor-element-4b07aa2 elementor-widget elementor-widget-heading\" data-id=\"4b07aa2\" data-element_type=\"widget\" data-e-type=\"widget\" data-widget_type=\"heading.default\">\n\t\t\t\t\t<h1 class=\"elementor-heading-title elementor-size-default\">Cont\u00e1ctanos.<\/h1>\t\t\t\t<\/div>\n\t\t\t\t<div class=\"elementor-element elementor-element-ffe132e elementor-widget elementor-widget-heading\" data-id=\"ffe132e\" data-element_type=\"widget\" data-e-type=\"widget\" data-widget_type=\"heading.default\">\n\t\t\t\t\t<p class=\"elementor-heading-title elementor-size-default\">Es un placer atenderte.<\/p>\t\t\t\t<\/div>\n\t\t\t\t<div class=\"elementor-element elementor-element-dc4c179 elementor-widget elementor-widget-html\" data-id=\"dc4c179\" data-element_type=\"widget\" data-e-type=\"widget\" data-widget_type=\"html.default\">\n\t\t\t\t\t<script>\r\nwindow.addEventListener('load', function() {\r\n    \/\/ Le damos a Elementor 100ms extra para terminar de pintar la pantalla\r\n    setTimeout(() => { \r\n        const textElements = document.querySelectorAll('[id^=\"text-to-split\"]');\r\n        \r\n        textElements.forEach(element => {\r\n            \/\/ Buscamos el contenedor exacto del texto\r\n            const textContainer = element.querySelector('.elementor-heading-title, .elementor-text-editor') || element;\r\n            \r\n            const text = textContainer.innerText.trim();\r\n            if(!text) return; \/\/ Si est\u00e1 vac\u00edo, no hacemos nada\r\n            \r\n            textContainer.innerHTML = '';\r\n            \r\n            \/\/ Dividimos el texto midiendo palabra por palabra con la fuente ya cargada\r\n            const words = text.split(\/\\s+\/);\r\n            let wordsArray = [];\r\n            \r\n            words.forEach(word => {\r\n                const span = document.createElement('span');\r\n                span.innerHTML = word + '&nbsp;'; \r\n                span.style.display = 'inline-block';\r\n                textContainer.appendChild(span);\r\n                wordsArray.push(span);\r\n            });\r\n            \r\n            let lines = [];\r\n            let currentLine = [];\r\n            let currentOffset = -1;\r\n            \r\n            \/\/ Calculamos exactamente d\u00f3nde hace el salto de l\u00ednea el navegador\r\n            wordsArray.forEach(span => {\r\n                if (currentOffset === -1 || span.offsetTop > currentOffset + 5) {\r\n                    currentOffset = span.offsetTop;\r\n                    currentLine = [];\r\n                    lines.push(currentLine);\r\n                }\r\n                currentLine.push(span.innerText.trim());\r\n            });\r\n            \r\n            textContainer.innerHTML = '';\r\n            \r\n            \/\/ Reconstruimos el texto con la animaci\u00f3n\r\n            lines.forEach((lineWords, index) => {\r\n                const lineText = lineWords.join(' ');\r\n                \r\n                const container = document.createElement('span');\r\n                container.className = 'text-line-container';\r\n                container.style.display = 'block'; \r\n                container.style.overflow = 'hidden';\r\n                \r\n                const content = document.createElement('span');\r\n                content.className = 'text-line-content';\r\n                content.textContent = lineText;\r\n                \r\n                \/\/ MAGIA AUTOM\u00c1TICA: Calculamos el retraso de cada l\u00ednea aqu\u00ed mismo\r\n                content.style.transitionDelay = `${(index + 1) * 0.15}s`;\r\n                \r\n                container.appendChild(content);\r\n                textContainer.appendChild(container);\r\n            });\r\n            \r\n            \/\/ Observamos cuando el usuario llega a esta parte de la pantalla\r\n            const observer = new IntersectionObserver((entries) => {\r\n                entries.forEach(entry => {\r\n                    if (entry.isIntersecting) {\r\n                        element.classList.add('text-animated');\r\n                        observer.unobserve(element);\r\n                    }\r\n                });\r\n            }, { threshold: 0.1 }); \/\/ Se activa cuando asoma el 10% del texto\r\n            \r\n            observer.observe(element);\r\n        });\r\n    }, 100);\r\n});\r\n<\/script>\t\t\t\t<\/div>\n\t\t\t\t<div class=\"elementor-element elementor-element-bc27e7a elementor-button-align-center elementor-widget elementor-widget-form\" data-id=\"bc27e7a\" data-element_type=\"widget\" data-e-type=\"widget\" data-settings=\"{&quot;step_next_label&quot;:&quot;Next&quot;,&quot;step_previous_label&quot;:&quot;Previous&quot;,&quot;button_width&quot;:&quot;100&quot;,&quot;step_type&quot;:&quot;number_text&quot;,&quot;step_icon_shape&quot;:&quot;circle&quot;}\" data-widget_type=\"form.default\">\n\t\t\t\t\t\t\t<form class=\"elementor-form\" method=\"post\" name=\"New Form\" aria-label=\"New Form\">\n\t\t\t<input type=\"hidden\" name=\"post_id\" value=\"1769\"\/>\n\t\t\t<input type=\"hidden\" name=\"form_id\" value=\"bc27e7a\"\/>\n\t\t\t<input type=\"hidden\" name=\"referer_title\" value=\"Contacto - Albatros Catamarans\" \/>\n\n\t\t\t\t\t\t\t<input type=\"hidden\" name=\"queried_id\" value=\"1769\"\/>\n\t\t\t\n\t\t\t<div class=\"elementor-form-fields-wrapper elementor-labels-\">\n\t\t\t\t\t\t\t\t<div class=\"elementor-field-type-text elementor-field-group elementor-column elementor-field-group-name elementor-col-100\">\n\t\t\t\t\t\t\t\t\t\t\t\t\t<input size=\"1\" type=\"text\" name=\"form_fields[name]\" id=\"form-field-name\" class=\"elementor-field elementor-size-sm  elementor-field-textual\" placeholder=\"Nombre\">\n\t\t\t\t\t\t\t\t\t\t\t<\/div>\n\t\t\t\t\t\t\t\t<div class=\"elementor-field-type-email elementor-field-group elementor-column elementor-field-group-email elementor-col-100 elementor-field-required\">\n\t\t\t\t\t\t\t\t\t\t\t\t<label for=\"form-field-email\" class=\"elementor-field-label elementor-screen-only\">\n\t\t\t\t\t\t\t\tEmail\t\t\t\t\t\t\t<\/label>\n\t\t\t\t\t\t\t\t\t\t\t\t\t\t<input size=\"1\" type=\"email\" name=\"form_fields[email]\" id=\"form-field-email\" class=\"elementor-field elementor-size-sm  elementor-field-textual\" placeholder=\"Email\" required=\"required\">\n\t\t\t\t\t\t\t\t\t\t\t<\/div>\n\t\t\t\t\t\t\t\t<div class=\"elementor-field-type-textarea elementor-field-group elementor-column elementor-field-group-message elementor-col-100\">\n\t\t\t\t\t\t\t\t\t\t\t\t<label for=\"form-field-message\" class=\"elementor-field-label elementor-screen-only\">\n\t\t\t\t\t\t\t\tMessage\t\t\t\t\t\t\t<\/label>\n\t\t\t\t\t\t<textarea class=\"elementor-field-textual elementor-field  elementor-size-sm\" name=\"form_fields[message]\" id=\"form-field-message\" rows=\"4\" placeholder=\"Mensaje\"><\/textarea>\t\t\t\t<\/div>\n\t\t\t\t\t\t\t\t<div class=\"elementor-field-type-recaptcha_v3 elementor-field-group elementor-column elementor-field-group-field_8643a07 elementor-col-100 recaptcha_v3-bottomleft\">\n\t\t\t\t\t<div class=\"elementor-field\" id=\"form-field-field_8643a07\"><div class=\"elementor-g-recaptcha\" data-sitekey=\"6LcdHpQsAAAAAC77-pi6miecPe_GQoBUUU_4ak0F\" data-type=\"v3\" data-action=\"Form\" data-badge=\"bottomleft\" data-size=\"invisible\"><\/div><\/div>\t\t\t\t<\/div>\n\t\t\t\t\t\t\t\t<div class=\"elementor-field-group elementor-column elementor-field-type-submit elementor-col-100 e-form__buttons\">\n\t\t\t\t\t<button class=\"elementor-button elementor-size-md elementor-animation-grow\" type=\"submit\">\n\t\t\t\t\t\t<span class=\"elementor-button-content-wrapper\">\n\t\t\t\t\t\t\t\t\t\t\t\t\t\t\t\t\t\t\t\t\t\t<span class=\"elementor-button-text\">Enviar<\/span>\n\t\t\t\t\t\t\t\t\t\t\t\t\t<\/span>\n\t\t\t\t\t<\/button>\n\t\t\t\t<\/div>\n\t\t\t<\/div>\n\t\t<\/form>\n\t\t\t\t\t\t<\/div>\n\t\t\t\t<\/div>\n\t\t\t\t<\/div>\n\t\t<div class=\"elementor-element elementor-element-6c4b7e1 e-con-full e-flex e-con e-child\" data-id=\"6c4b7e1\" data-element_type=\"container\" data-e-type=\"container\" data-settings=\"{&quot;background_background&quot;:&quot;slideshow&quot;,&quot;background_slideshow_gallery&quot;:[],&quot;background_slideshow_loop&quot;:&quot;yes&quot;,&quot;background_slideshow_slide_duration&quot;:5000,&quot;background_slideshow_slide_transition&quot;:&quot;fade&quot;,&quot;background_slideshow_transition_duration&quot;:500}\">\n\t\t\t\t<div class=\"elementor-element elementor-element-e444706 elementor-widget elementor-widget-html\" data-id=\"e444706\" data-element_type=\"widget\" data-e-type=\"widget\" data-widget_type=\"html.default\">\n\t\t\t\t\t<style>\r\n.mersi-slider {\r\n  position: relative;\r\n  width: 100%;\r\n  height: 100vh;\r\n  overflow: hidden;\r\n}\r\n\r\n.mersi-slide {\r\n  position: absolute;\r\n  inset: 0;\r\n  clip-path: inset(50%);\r\n  transition: clip-path 0.9s cubic-bezier(0.77, 0, 0.175, 1);\r\n}\r\n\r\n.mersi-slide img {\r\n  width: 100%;\r\n  height: 100%;\r\n  object-fit: cover;\r\n  display: block;\r\n}\r\n\r\n.mersi-slide.active {\r\n  clip-path: inset(0%);\r\n}\r\n\r\n.mersi-slide.exit {\r\n  clip-path: inset(50%);\r\n  transition: clip-path 0.9s cubic-bezier(0.77, 0, 0.175, 1);\r\n}\r\n<\/style>\r\n\r\n<div class=\"mersi-slider\">\r\n  <div class=\"mersi-slide active\">\r\n    <img decoding=\"async\" src=\"https:\/\/albatroscatamarans.com\/wp-content\/uploads\/2025\/08\/pexels-jess-vide-4600762-scaled.jpg\" alt=\"\">\r\n  <\/div>\r\n  <div class=\"mersi-slide\">\r\n    <img decoding=\"async\" src=\"https:\/\/albatroscatamarans.com\/wp-content\/uploads\/2025\/08\/catamarans-cancun-to-isla-mujeres.webp\" alt=\"\">\r\n  <\/div>\r\n  <div class=\"mersi-slide\">\r\n    <img decoding=\"async\" src=\"https:\/\/albatroscatamarans.com\/wp-content\/uploads\/2026\/03\/party-boat3-1-e1739403022412.webp\" alt=\"\">\r\n  <\/div>\r\n  <div class=\"mersi-slide\">\r\n    <img decoding=\"async\" src=\"https:\/\/albatroscatamarans.com\/wp-content\/uploads\/2025\/08\/catamaran-isla-mujeres.webp\" alt=\"\">\r\n  <\/div>\r\n  <div class=\"mersi-slide\">\r\n    <img decoding=\"async\" src=\"https:\/\/albatroscatamarans.com\/wp-content\/uploads\/2025\/08\/MG_0350-scaled.jpg\" alt=\"\">\r\n  <\/div>\r\n<\/div>\r\n\r\n<script>\r\n(function() {\r\n  const slides = document.querySelectorAll('.mersi-slide');\r\n  let current = 0;\r\n\r\n  function nextSlide() {\r\n    const prev = current;\r\n    current = (current + 1) % slides.length;\r\n\r\n    \/\/ Entra la nueva imagen con reveal\r\n    slides[current].classList.add('active');\r\n\r\n    \/\/ Sale la imagen anterior despu\u00e9s de que la nueva ya cubri\u00f3 todo\r\n    setTimeout(() => {\r\n      slides[prev].classList.remove('active');\r\n      slides[prev].classList.add('exit');\r\n      setTimeout(() => {\r\n        slides[prev].classList.remove('exit');\r\n      }, 900);\r\n    }, 900);\r\n  }\r\n\r\n  setInterval(nextSlide, 3500);\r\n})();\r\n<\/script>\t\t\t\t<\/div>\n\t\t\t\t<\/div>\n\t\t\t\t<\/div>\n\t\t\t\t<\/div>\n\t\t","protected":false},"excerpt":{"rendered":"<p>Cont\u00e1ctanos. Es un placer atenderte.<\/p>\n","protected":false},"author":1,"featured_media":0,"parent":0,"menu_order":0,"comment_status":"closed","ping_status":"closed","template":"","meta":{"footnotes":""},"class_list":["post-1769","page","type-page","status-publish","hentry"],"_links":{"self":[{"href":"https:\/\/albatroscatamarans.com\/es\/wp-json\/wp\/v2\/pages\/1769","targetHints":{"allow":["GET"]}}],"collection":[{"href":"https:\/\/albatroscatamarans.com\/es\/wp-json\/wp\/v2\/pages"}],"about":[{"href":"https:\/\/albatroscatamarans.com\/es\/wp-json\/wp\/v2\/types\/page"}],"author":[{"embeddable":true,"href":"https:\/\/albatroscatamarans.com\/es\/wp-json\/wp\/v2\/users\/1"}],"replies":[{"embeddable":true,"href":"https:\/\/albatroscatamarans.com\/es\/wp-json\/wp\/v2\/comments?post=1769"}],"version-history":[{"count":16,"href":"https:\/\/albatroscatamarans.com\/es\/wp-json\/wp\/v2\/pages\/1769\/revisions"}],"predecessor-version":[{"id":1855,"href":"https:\/\/albatroscatamarans.com\/es\/wp-json\/wp\/v2\/pages\/1769\/revisions\/1855"}],"wp:attachment":[{"href":"https:\/\/albatroscatamarans.com\/es\/wp-json\/wp\/v2\/media?parent=1769"}],"curies":[{"name":"wp","href":"https:\/\/api.w.org\/{rel}","templated":true}]}}